{"id":19,"date":"2025-12-20T12:21:14","date_gmt":"2025-12-20T12:21:14","guid":{"rendered":"https:\/\/todosecomg.com\/?page_id=19"},"modified":"2026-01-08T19:51:48","modified_gmt":"2026-01-08T19:51:48","slug":"services","status":"publish","type":"page","link":"https:\/\/todosecomg.com\/?page_id=19","title":{"rendered":"Servicios"},"content":{"rendered":"<p>[et_pb_section fb_built=&#8221;1&#8243; admin_label=&#8221;Services&#8221; _builder_version=&#8221;4.27.4&#8243; _module_preset=&#8221;default&#8221; background_color=&#8221;#f4f4e3&#8243; hover_enabled=&#8221;0&#8243; collapsed=&#8221;on&#8221; global_colors_info=&#8221;{}&#8221; sticky_enabled=&#8221;0&#8243;][et_pb_row _builder_version=&#8221;4.27.4&#8243; _module_preset=&#8221;default&#8221; custom_padding=&#8221;||0px|||&#8221;][et_pb_column _builder_version=&#8221;4.27.4&#8243; _module_preset=&#8221;default&#8221; type=&#8221;4_4&#8243;][et_pb_nextend_smart_slider_3 _builder_version=&#8221;4.27.4&#8243; _module_preset=&#8221;default&#8221; slider=&#8221;2&#8243; hover_enabled=&#8221;0&#8243; sticky_enabled=&#8221;0&#8243;][\/et_pb_nextend_smart_slider_3][et_pb_heading title=&#8221;SERVICIOS&#8221; _builder_version=&#8221;4.27.4&#8243; _module_preset=&#8221;7571ceed-e11d-4017-aca7-e69ffa9bb732&#8243; title_text_color=&#8221;gcid-primary-color&#8221; title_font_size=&#8221;20px&#8221; custom_margin=&#8221;74px||10px||false|false&#8221; global_colors_info=&#8221;{%22gcid-primary-color%22:%91%22title_text_color%22%93}&#8221;][\/et_pb_heading][\/et_pb_column][\/et_pb_row][et_pb_row _builder_version=&#8221;4.27.4&#8243; _module_preset=&#8221;default&#8221; custom_padding=&#8221;0px|||||&#8221;][et_pb_column _builder_version=&#8221;4.27.4&#8243; _module_preset=&#8221;default&#8221; type=&#8221;4_4&#8243;][et_pb_heading title=&#8221;Revestimientos de PVC para paredes y cielorrasos, con asesoramiento y terminaciones prolijas para hogares y espacios comerciales.&#8221; _builder_version=&#8221;4.27.4&#8243; _module_preset=&#8221;bab1f5c2-711f-4a93-bd7d-56727e3a69e6&#8243; title_font=&#8221;Montserrat||||||||&#8221; title_font_size=&#8221;42px&#8221; title_font_size_tablet=&#8221;34px&#8221; title_font_size_phone=&#8221;34px&#8221; title_font_size_last_edited=&#8221;on|phone&#8221; locked=&#8221;off&#8221; global_colors_info=&#8221;{}&#8221;][\/et_pb_heading][\/et_pb_column][\/et_pb_row][et_pb_row column_structure=&#8221;1_3,1_3,1_3&#8243; make_equal=&#8221;on&#8221; custom_padding_last_edited=&#8221;on|desktop&#8221; _builder_version=&#8221;4.27.4&#8243; _module_preset=&#8221;default&#8221; custom_padding_tablet=&#8221;||0px||false|false&#8221; custom_padding_phone=&#8221;||0px||false|false&#8221; locked=&#8221;off&#8221; global_colors_info=&#8221;{}&#8221;][et_pb_column type=&#8221;1_3&#8243; _builder_version=&#8221;4.25.2&#8243; _module_preset=&#8221;e6763dee-51c3-4124-8c6f-fd2b14e7385c&#8221; global_colors_info=&#8221;{}&#8221;][et_pb_icon font_icon=&#8221;&#xf5ba;||fa||900&#8243; _builder_version=&#8221;4.27.4&#8243; _module_preset=&#8221;fee88b74-698b-4a2a-9f97-9df20949ecc9&#8243; locked=&#8221;off&#8221; global_colors_info=&#8221;{}&#8221;][\/et_pb_icon][et_pb_heading title=&#8221;Revestimientos de PVC&#8221; _builder_version=&#8221;4.27.4&#8243; _module_preset=&#8221;26f7f692-2fae-436e-9c00-92ad21fdc517&#8243; title_font=&#8221;Montserrat||||||||&#8221; custom_margin=&#8221;||10px||false|false&#8221; global_colors_info=&#8221;{}&#8221;][\/et_pb_heading][et_pb_text _builder_version=&#8221;4.27.4&#8243; _module_preset=&#8221;56a7a00e-05b1-46a4-a3c1-3af711be6ff5&#8243; text_font=&#8221;Montserrat||||||||&#8221; global_colors_info=&#8221;{}&#8221;]<\/p>\n<p>Soluciones en PVC para paredes interiores, resistentes, f\u00e1ciles de mantener y con terminaciones prolijas.<\/p>\n<p>[\/et_pb_text][\/et_pb_column][et_pb_column type=&#8221;1_3&#8243; _builder_version=&#8221;4.25.2&#8243; _module_preset=&#8221;e6763dee-51c3-4124-8c6f-fd2b14e7385c&#8221; global_colors_info=&#8221;{}&#8221;][et_pb_icon font_icon=&#8221;&#xf0c8;||fa||400&#8243; _builder_version=&#8221;4.27.4&#8243; _module_preset=&#8221;fee88b74-698b-4a2a-9f97-9df20949ecc9&#8243; locked=&#8221;off&#8221; global_colors_info=&#8221;{}&#8221;][\/et_pb_icon][et_pb_heading title=&#8221;Cielorrasos de PVC&#8221; _builder_version=&#8221;4.27.4&#8243; _module_preset=&#8221;26f7f692-2fae-436e-9c00-92ad21fdc517&#8243; title_font=&#8221;Montserrat||||||||&#8221; custom_margin=&#8221;||10px||false|false&#8221; locked=&#8221;off&#8221; global_colors_info=&#8221;{}&#8221;][\/et_pb_heading][et_pb_text _builder_version=&#8221;4.27.4&#8243; _module_preset=&#8221;56a7a00e-05b1-46a4-a3c1-3af711be6ff5&#8243; text_font=&#8221;Montserrat||||||||&#8221; global_colors_info=&#8221;{}&#8221;]<\/p>\n<p>Instalaci\u00f3n de cielorrasos modernos en PVC, ideales para espacios h\u00famedos y de uso diario.<\/p>\n<p>[\/et_pb_text][\/et_pb_column][et_pb_column type=&#8221;1_3&#8243; _builder_version=&#8221;4.25.2&#8243; _module_preset=&#8221;e6763dee-51c3-4124-8c6f-fd2b14e7385c&#8221; global_colors_info=&#8221;{}&#8221;][et_pb_icon font_icon=&#8221;&#xf0db;||fa||900&#8243; _builder_version=&#8221;4.27.4&#8243; _module_preset=&#8221;fee88b74-698b-4a2a-9f97-9df20949ecc9&#8243; locked=&#8221;off&#8221; global_colors_info=&#8221;{}&#8221;][\/et_pb_icon][et_pb_heading title=&#8221;Machimbre sint\u00e9tico&#8221; _builder_version=&#8221;4.27.4&#8243; _module_preset=&#8221;26f7f692-2fae-436e-9c00-92ad21fdc517&#8243; title_font=&#8221;Montserrat||||||||&#8221; custom_margin=&#8221;||10px||false|false&#8221; locked=&#8221;off&#8221; global_colors_info=&#8221;{}&#8221;][\/et_pb_heading][et_pb_text _builder_version=&#8221;4.27.4&#8243; _module_preset=&#8221;56a7a00e-05b1-46a4-a3c1-3af711be6ff5&#8243; text_font=&#8221;Montserrat||||||||&#8221; global_colors_info=&#8221;{}&#8221;]<\/p>\n<p>Revestimientos tipo machimbre en PVC que aportan dise\u00f1o, durabilidad y f\u00e1cil mantenimiento.<\/p>\n<p>[\/et_pb_text][\/et_pb_column][\/et_pb_row][et_pb_row column_structure=&#8221;1_3,1_3,1_3&#8243; make_equal=&#8221;on&#8221; _builder_version=&#8221;4.25.2&#8243; _module_preset=&#8221;default&#8221; locked=&#8221;off&#8221; global_colors_info=&#8221;{}&#8221;][et_pb_column type=&#8221;1_3&#8243; _builder_version=&#8221;4.25.2&#8243; _module_preset=&#8221;e6763dee-51c3-4124-8c6f-fd2b14e7385c&#8221; global_colors_info=&#8221;{}&#8221;][et_pb_icon font_icon=&#8221;&#xf2a0;||fa||900&#8243; _builder_version=&#8221;4.27.4&#8243; _module_preset=&#8221;fee88b74-698b-4a2a-9f97-9df20949ecc9&#8243; locked=&#8221;off&#8221; global_colors_info=&#8221;{}&#8221;][\/et_pb_icon][et_pb_heading title=&#8221;Asesoramiento personalizado&#8221; _builder_version=&#8221;4.27.4&#8243; _module_preset=&#8221;26f7f692-2fae-436e-9c00-92ad21fdc517&#8243; title_font=&#8221;Montserrat||||||||&#8221; custom_margin=&#8221;||10px||false|false&#8221; locked=&#8221;off&#8221; global_colors_info=&#8221;{}&#8221;][\/et_pb_heading][et_pb_text _builder_version=&#8221;4.27.4&#8243; _module_preset=&#8221;56a7a00e-05b1-46a4-a3c1-3af711be6ff5&#8243; text_font=&#8221;Montserrat||||||||&#8221; global_colors_info=&#8221;{}&#8221;]<\/p>\n<p>Te ayudamos a elegir el sistema adecuado seg\u00fan el espacio, el uso y la est\u00e9tica buscada.<\/p>\n<p>[\/et_pb_text][\/et_pb_column][et_pb_column type=&#8221;1_3&#8243; _builder_version=&#8221;4.25.2&#8243; _module_preset=&#8221;e6763dee-51c3-4124-8c6f-fd2b14e7385c&#8221; global_colors_info=&#8221;{}&#8221;][et_pb_icon font_icon=&#8221;&#xf6e3;||fa||900&#8243; _builder_version=&#8221;4.27.4&#8243; _module_preset=&#8221;fee88b74-698b-4a2a-9f97-9df20949ecc9&#8243; locked=&#8221;off&#8221; global_colors_info=&#8221;{}&#8221;][\/et_pb_icon][et_pb_heading title=&#8221;Instalaci\u00f3n profesional&#8221; _builder_version=&#8221;4.27.4&#8243; _module_preset=&#8221;26f7f692-2fae-436e-9c00-92ad21fdc517&#8243; title_font=&#8221;Montserrat||||||||&#8221; custom_margin=&#8221;||10px||false|false&#8221; locked=&#8221;off&#8221; global_colors_info=&#8221;{}&#8221;][\/et_pb_heading][et_pb_text _builder_version=&#8221;4.27.4&#8243; _module_preset=&#8221;56a7a00e-05b1-46a4-a3c1-3af711be6ff5&#8243; text_font=&#8221;Montserrat||||||||&#8221; header_font=&#8221;Montserrat||||||||&#8221; global_colors_info=&#8221;{}&#8221;]<\/p>\n<p>Colocaci\u00f3n prolija y eficiente, cuidando cada detalle desde el inicio hasta la terminaci\u00f3n final.<\/p>\n<p>[\/et_pb_text][\/et_pb_column][et_pb_column type=&#8221;1_3&#8243; _builder_version=&#8221;4.25.2&#8243; _module_preset=&#8221;e6763dee-51c3-4124-8c6f-fd2b14e7385c&#8221; global_colors_info=&#8221;{}&#8221;][et_pb_icon font_icon=&#8221;&#x52;||divi||400&#8243; _builder_version=&#8221;4.27.4&#8243; _module_preset=&#8221;fee88b74-698b-4a2a-9f97-9df20949ecc9&#8243; locked=&#8221;off&#8221; global_colors_info=&#8221;{}&#8221;][\/et_pb_icon][et_pb_heading title=&#8221;Mantenimiento y posventa&#8221; _builder_version=&#8221;4.27.4&#8243; _module_preset=&#8221;26f7f692-2fae-436e-9c00-92ad21fdc517&#8243; title_font=&#8221;Montserrat||||||||&#8221; custom_margin=&#8221;||10px||false|false&#8221; locked=&#8221;off&#8221; global_colors_info=&#8221;{}&#8221;][\/et_pb_heading][et_pb_text _builder_version=&#8221;4.27.4&#8243; _module_preset=&#8221;56a7a00e-05b1-46a4-a3c1-3af711be6ff5&#8243; text_font=&#8221;Montserrat||||||||&#8221; global_colors_info=&#8221;{}&#8221;]<\/p>\n<p>Acompa\u00f1amiento posterior a la instalaci\u00f3n para asegurar durabilidad y buen funcionamiento.<\/p>\n<p>[\/et_pb_text][\/et_pb_column][\/et_pb_row][\/et_pb_section][et_pb_section fb_built=&#8221;1&#8243; admin_label=&#8221;Feature&#8221; _builder_version=&#8221;4.27.4&#8243; _module_preset=&#8221;default&#8221; background_color=&#8221;#f6f1e8&#8243; custom_padding=&#8221;100px||71px|||&#8221; collapsed=&#8221;on&#8221; global_colors_info=&#8221;{}&#8221;][et_pb_row column_structure=&#8221;1_2,1_2&#8243; _builder_version=&#8221;4.25.2&#8243; _module_preset=&#8221;default&#8221; global_colors_info=&#8221;{}&#8221;][et_pb_column type=&#8221;1_2&#8243; _builder_version=&#8221;4.22.0&#8243; _module_preset=&#8221;default&#8221; global_colors_info=&#8221;{}&#8221;][et_pb_heading title=&#8221;Nuestro proceso de trabajo&#8221; _builder_version=&#8221;4.27.4&#8243; _module_preset=&#8221;74cd5324-0710-481e-b08d-c5eb62ab2e27&#8243; title_font=&#8221;Montserrat||on|on|||||&#8221; title_text_align=&#8221;left&#8221; title_text_color=&#8221;#0C71C3&#8243; title_font_size=&#8221;42px&#8221; custom_margin=&#8221;||10px||false|false&#8221; global_colors_info=&#8221;{}&#8221;][\/et_pb_heading][et_pb_accordion _builder_version=&#8221;4.27.4&#8243; _module_preset=&#8221;default&#8221; global_colors_info=&#8221;{%22gcid-0cddd2b1-8b06-4d9a-ae17-1cfad24229a1%22:%91%22quote_border_color%22,%22quote_border_color%22,%22quote_border_color%22%93,%22gcid-7b51ca68-2041-4d4c-8aa9-1da49a79baed%22:%91%22border_color_all%22,%22border_color_all%22,%22border_color_all%22%93,%22gcid-heading-color%22:%91%22toggle_text_color%22,%22toggle_text_color%22,%22toggle_text_color%22%93}&#8221;][et_pb_accordion_item title=&#8221;An\u00e1lisis del espacio y necesidades&#8221; open=&#8221;on&#8221; _builder_version=&#8221;4.27.4&#8243; _module_preset=&#8221;default&#8221; global_colors_info=&#8221;{}&#8221;]<\/p>\n<p>Analizamos cada espacio teniendo en cuenta el uso, las condiciones del ambiente y el resultado est\u00e9tico buscado, para recomendar el sistema de revestimiento m\u00e1s adecuado.<\/p>\n<p>[\/et_pb_accordion_item][et_pb_accordion_item title=&#8221;Evaluaci\u00f3n del ambiente&#8221; _builder_version=&#8221;4.27.4&#8243; _module_preset=&#8221;default&#8221; global_colors_info=&#8221;{}&#8221;]<\/p>\n<p>Relevamos medidas, humedad, tr\u00e1nsito y tipo de espacio para asegurar una soluci\u00f3n funcional y duradera.<\/p>\n<p>[\/et_pb_accordion_item][et_pb_accordion_item title=&#8221;Selecci\u00f3n del sistema de PVC&#8221; _builder_version=&#8221;4.27.4&#8243; _module_preset=&#8221;default&#8221; global_colors_info=&#8221;{}&#8221;]<\/p>\n<p data-start=\"1899\" data-end=\"2028\">Definimos el tipo de revestimiento, formato y terminaciones seg\u00fan el dise\u00f1o buscado y las necesidades del cliente.<\/p>\n<p>[\/et_pb_accordion_item][et_pb_accordion_item title=&#8221;Instalaci\u00f3n y terminaciones&#8221; _builder_version=&#8221;4.27.4&#8243; _module_preset=&#8221;default&#8221; global_colors_info=&#8221;{}&#8221;]<\/p>\n<p>Realizamos una instalaci\u00f3n prolija y eficiente, cuidando cada detalle hasta la terminaci\u00f3n final.<\/p>\n<p>[\/et_pb_accordion_item][\/et_pb_accordion][\/et_pb_column][et_pb_column type=&#8221;1_2&#8243; _builder_version=&#8221;4.22.0&#8243; _module_preset=&#8221;default&#8221; global_colors_info=&#8221;{}&#8221;][et_pb_image src=&#8221;https:\/\/todosecomg.com\/wp-content\/uploads\/2026\/01\/Diseno-sin-titulo-24-1.png&#8221; title_text=&#8221;Dise\u00f1o sin t\u00edtulo (24)&#8221; _builder_version=&#8221;4.27.4&#8243; _module_preset=&#8221;15db61b0-4593-471f-9e24-f844968bc5c7&#8243; border_radii=&#8221;on|200px|200px|200px|200px&#8221; global_colors_info=&#8221;{}&#8221;][\/et_pb_image][\/et_pb_column][\/et_pb_row][\/et_pb_section][et_pb_section fb_built=&#8221;1&#8243; admin_label=&#8221;Subscribe&#8221; _builder_version=&#8221;4.25.2&#8243; _module_preset=&#8221;default&#8221; background_color=&#8221;gcid-primary-color&#8221; custom_padding=&#8221;6vw||6vw||true|false&#8221; locked=&#8221;off&#8221; collapsed=&#8221;on&#8221; global_colors_info=&#8221;{%22gcid-primary-color%22:%91%22background_color%22%93}&#8221;][et_pb_row _builder_version=&#8221;4.25.2&#8243; _module_preset=&#8221;default&#8221; global_colors_info=&#8221;{}&#8221;][et_pb_column type=&#8221;4_4&#8243; _builder_version=&#8221;4.22.0&#8243; _module_preset=&#8221;default&#8221;][et_pb_cta title=&#8221;\u00bfQuer\u00e9s renovar un espacio y no sab\u00e9s qu\u00e9 sistema elegir?&#8221; button_url=&#8221;https:\/\/wa.me\/5491126890095&#8243; button_text=&#8221;Consultar por WhatsApp&#8221; _builder_version=&#8221;4.27.4&#8243; _module_preset=&#8221;f6c65256-e3d5-41c1-9706-bb3dc2e9c712&#8243; header_font=&#8221;Montserrat||on||||||&#8221; header_letter_spacing=&#8221;2px&#8221; body_font=&#8221;Montserrat||||||||&#8221; body_font_size=&#8221;20px&#8221; body_letter_spacing=&#8221;1.5px&#8221; button_bg_color=&#8221;#e0e0e0&#8243; button_icon=&#8221;&#xf232;||fa||400&#8243; max_width=&#8221;800px&#8221; module_alignment=&#8221;center&#8221; animation_style=&#8221;zoom&#8221; box_shadow_style_button=&#8221;preset2&#8243; global_colors_info=&#8221;{}&#8221;]<\/p>\n<p>Te asesoramos para elegir el revestimiento de PVC adecuado seg\u00fan tu espacio, uso y estilo buscado.<br data-start=\"1127\" data-end=\"1130\" \/>Trabajamos con terminaciones prolijas y soluciones durables para hogares y espacios comerciales.<\/p>\n<p>[\/et_pb_cta][\/et_pb_column][\/et_pb_row][\/et_pb_section]<\/p>\n","protected":false},"excerpt":{"rendered":"<p>Soluciones en PVC para paredes interiores, resistentes, f\u00e1ciles de mantener y con terminaciones prolijas.Instalaci\u00f3n de cielorrasos modernos en PVC, ideales para espacios h\u00famedos y de uso diario.Revestimientos tipo machimbre en PVC que aportan dise\u00f1o, durabilidad y f\u00e1cil mantenimiento.Te ayudamos a elegir el sistema adecuado seg\u00fan el espacio, el uso y la est\u00e9tica buscada.Colocaci\u00f3n prolija y [&hellip;]<\/p>\n","protected":false},"author":1,"featured_media":0,"parent":0,"menu_order":0,"comment_status":"closed","ping_status":"closed","template":"","meta":{"_et_pb_use_builder":"on","_et_pb_old_content":"","_et_gb_content_width":"","_joinchat":[],"footnotes":""},"class_list":["post-19","page","type-page","status-publish","hentry"],"_links":{"self":[{"href":"https:\/\/todosecomg.com\/index.php?rest_route=\/wp\/v2\/pages\/19","targetHints":{"allow":["GET"]}}],"collection":[{"href":"https:\/\/todosecomg.com\/index.php?rest_route=\/wp\/v2\/pages"}],"about":[{"href":"https:\/\/todosecomg.com\/index.php?rest_route=\/wp\/v2\/types\/page"}],"author":[{"embeddable":true,"href":"https:\/\/todosecomg.com\/index.php?rest_route=\/wp\/v2\/users\/1"}],"replies":[{"embeddable":true,"href":"https:\/\/todosecomg.com\/index.php?rest_route=%2Fwp%2Fv2%2Fcomments&post=19"}],"version-history":[{"count":13,"href":"https:\/\/todosecomg.com\/index.php?rest_route=\/wp\/v2\/pages\/19\/revisions"}],"predecessor-version":[{"id":221,"href":"https:\/\/todosecomg.com\/index.php?rest_route=\/wp\/v2\/pages\/19\/revisions\/221"}],"wp:attachment":[{"href":"https:\/\/todosecomg.com\/index.php?rest_route=%2Fwp%2Fv2%2Fmedia&parent=19"}],"curies":[{"name":"wp","href":"https:\/\/api.w.org\/{rel}","templated":true}]}}